{"id":161,"date":"2021-08-10T14:15:10","date_gmt":"2021-08-10T14:15:10","guid":{"rendered":"https:\/\/sialat2020.ufpa.br\/?page_id=161"},"modified":"2021-08-10T14:15:12","modified_gmt":"2021-08-10T14:15:12","slug":"submissao-2","status":"publish","type":"page","link":"https:\/\/www.sialat2020.ufpa.br\/index.php\/submissao-2\/","title":{"rendered":"Submiss\u00e3o"},"content":{"rendered":"\n<p>SUBMISS\u00c3O DE TRABALHOS<\/p>\n\n\n\n<p>Observa\u00e7\u00f5es gerais:<\/p>\n\n\n\n<p>O primeiro passo para a submiss\u00e3o de propostas aos Grupos de Trabalho do SIALAT 2020 \u00e9 o envio de resumos. Uma vez que a proposta seja aprovada, haver\u00e1 um prazo para o envio do artigo completo.<\/p>\n\n\n\n<p>Excepcionalmente, esta edi\u00e7\u00e3o do evento n\u00e3o contar\u00e1 com a Sess\u00e3o de P\u00f4steres, logo, todas as propostas submetidas estar\u00e3o concorrendo \u00e0 apresenta\u00e7\u00e3o na modalidade Comunica\u00e7\u00e3o Oral.<\/p>\n\n\n\n<p>Para que a Comunica\u00e7\u00e3o Oral possa ser apresentada, e o texto do trabalho publicado nos anais do evento, pelo menos um dos\/as autores\/autoras dever\u00e1 estar com a inscri\u00e7\u00e3o confirmada (paga).<\/p>\n\n\n\n<p>Cada participante podera\u0301 submeter ate\u0301 tr\u00eas (3) trabalhos:<\/p>\n\n\n\n<p>&#8211; Sendo dois (2) trabalhos como autor\/a principal, se concorrer em mais de um GT;<\/p>\n\n\n\n<p>&#8211; Sendo apenas um (1) como autor\/a principal, e os demais como co-autoria, se no mesmo GT.<\/p>\n\n\n\n<p>Cada trabalho poder\u00e1 ter at\u00e9 quatro (4) autores, sendo que o\/a autor\/a principal dever\u00e1, obrigatoriamente, ter a titula\u00e7\u00e3o m\u00ednima de gradua\u00e7\u00e3o completa.<\/p>\n\n\n\n<p>OBS: D\u00favidas e casos omissos, entre em contato pelo seguinte e-mail: www.sialat2020.com.br<\/p>\n\n\n\n<p>Atentem para as regras a seguir, e n\u00e3o percam os prazos!<\/p>\n\n\n\n<p>MODELO E REGRAS PARA O RESUMO<\/p>\n\n\n\n<p>Para submeter trabalhos a serem apresentados nos GTs do SIALAT 2020 o participante dever\u00e1 enviar resumo (em portugu\u00eas, espanhol ou ingl\u00eas), contendo at\u00e9 500 palavras, para o seguinte e-mail: <a href=\"mailto:sialat2017resumos@gmail.com\">s<\/a>ialat2020@gmail.com<\/p>\n\n\n\n<p>O resumo deve conter:<\/p>\n\n\n\n<p>&#8211; T\u00edtulo;<\/p>\n\n\n\n<p>&#8211; Principais elementos te\u00f3ricos e metodol\u00f3gicos do trabalho;<\/p>\n\n\n\n<p>&#8211; Em que consiste a an\u00e1lise, resultado de pesquisa ou debate principal.<\/p>\n\n\n\n<p>As regras de formata\u00e7\u00e3o encontram-se no <em>template<\/em> do resumo.<\/p>\n\n\n\n<p>Baixe o Template do resumo aqui<\/p>\n\n\n\n<p>MODELO E REGRAS PARA TRABALHOS COMPLETOS&nbsp;<\/p>\n\n\n\n<ol><li>Os trabalhos completos (artigos) devem ser enviados em arquivo Word for Windows, com extens\u00e3o .doc ou .docx.<\/li><li><a><\/a> No ato do envio do trabalho completo, favor colocar no \u201cAssunto\u201d do e-mail o n\u00famero e nome do Grupo de Trabalho (GT) ao qual pertence o<em> <\/em>artigo.<\/li><li>N\u00e3o ser\u00e3o aceitos trabalhos que requeiram&nbsp;<em>softwares<\/em>&nbsp;n\u00e3o contidos no&nbsp;<em>Microsoft Office<\/em>&nbsp;para sua completa visualiza\u00e7\u00e3o.<\/li><li>Somente ser\u00e3o aceitos trabalhos com reda\u00e7\u00e3o e ortografia adequadas, pois a vers\u00e3o enviada ir\u00e1 para os Anais, n\u00e3o podendo haver altera\u00e7\u00f5es posteriores.<\/li><li>Ser\u00e3o aceitos trabalhos submetidos em portugu\u00eas, espanhol e ingl\u00eas.<\/li><li>O nome do arquivo deve conter as orienta\u00e7\u00f5es do exemplo abaixo, considerando o GT no qual o trabalho foi aprovado, e sobrenome do primeiro autor: Ex: GT 01_FERREIRA<\/li><li>A primeira folha do<em> <\/em>artigo deve conter:<\/li><\/ol>\n\n\n\n<p>&#8211; cabe\u00e7alho com logo do evento (de acordo com modelo \u2013 template &#8211; dispon\u00edvel abaixo), mas APENAS NA PRIMEIRA P\u00c1GINA do artigo;<\/p>\n\n\n\n<p>\u2013 Nome do GT, em caixa baixa, negrito, centralizado, fonte arial 12;<\/p>\n\n\n\n<p>\u2013 T\u00edtulo do trabalho em caixa alta, centralizado, fonte arial 12;<\/p>\n\n\n\n<p>\u2013 Nome do(s) autor(es), seguido de sigla da institui\u00e7\u00e3o (entre par\u00eantese, em caixa alta), alinhado \u00e0 direita, fonte arial 11;<\/p>\n\n\n\n<p>\u2013 Inserir nota de rodap\u00e9 para cada autor, informando nome da institui\u00e7\u00e3o por extenso e email.<\/p>\n\n\n\n<p>\u2013 Resumo do trabalho, com at\u00e9 250 palavras, fonte arial 11, em um \u00fanico par\u00e1grafo, no mesmo idioma do trabalho.<\/p>\n\n\n\n<p>\u2013 Palavras-chave: n\u00famero m\u00e1ximo de 5.<\/p>\n\n\n\n<p>\u2013 Ap\u00f3s estas informa\u00e7\u00f5es, iniciar o texto, na mesma folha.<\/p>\n\n\n\n<p>Demais regras<\/p>\n\n\n\n<p>\u2013 O trabalho deve conter de 10 a 20 folhas, j\u00e1 com a bibliografia e todo tipo de imagens, tabelas ou gr\u00e1ficos, e demais recursos utilizados. P\u00e1ginas que excedam ao n\u00famero m\u00e1ximo permitido ser\u00e3o automaticamente suprimidas.<\/p>\n\n\n\n<p>\u2013 Tamanho do papel: A4;<\/p>\n\n\n\n<p>\u2013 Margens: superior = 2.5 \/inferior = 2.5 \/ laterais = 2.5;<\/p>\n\n\n\n<p>\u2013 As folhas devem ser numeradas;<\/p>\n\n\n\n<p>\u2013 Fonte: arial 11, com par\u00e1grafo justificado;<\/p>\n\n\n\n<p>\u2013 Espa\u00e7amento entre linhas de 1,5;<\/p>\n\n\n\n<p>\u2013 Deslocamento do par\u00e1grafo (recuo) 1,5cm;<\/p>\n\n\n\n<p>\u2013 Notas de rodap\u00e9: Arial 9, par\u00e1grafo justificado;<\/p>\n\n\n\n<p>\u2013 Tamanho m\u00e1ximo do arquivo: 3 MB<\/p>\n\n\n\n<p>&#8211; Casos omissos sobre formata\u00e7\u00e3o, ver normas da ABNT.<\/p>\n\n\n\n<p>Baixe aqui o Template do artigo final aqui<\/p>\n\n\n\n<p>Orienta\u00e7\u00f5es \u2013 Comunica\u00e7\u00e3o Oral<\/p>\n\n\n\n<ol><li>\u00c9 obrigat\u00f3ria a inscri\u00e7\u00e3o de ao menos um autor no evento para apresentar o trabalho aprovado, e efetivar a publica\u00e7\u00e3o.<\/li><li>Cada autor dever\u00e1 encaminhar seu artigo final, a ser publicados em vers\u00e3o eletr\u00f4nica na p\u00e1gina eletr\u00f4nica do III SIALAT, \u00fanica e exclusivamente, para o endere\u00e7o de e-mail: sialat2020@gmail.com, AT\u00c9 A DATA M\u00c1XIMA DE 10 de janeiro de 2021. O encontro n\u00e3o se responsabilizar\u00e1 por trabalhos enviados para outro endere\u00e7o que n\u00e3o seja este, e nem fora do prazo estipulado;<\/li><li>As comunica\u00e7\u00f5es orais ser\u00e3o apresentadas em sess\u00f5es previamente organizadas pelos coordenadores de GTs (de acordo com programa\u00e7\u00e3o a ser disponibilizada neste site);<\/li><li>A apresenta\u00e7\u00e3o do trabalho N\u00c3O poder\u00e1 ser feita por co-autores que n\u00e3o possuam gradua\u00e7\u00e3o completa, ou que n\u00e3o estejam listados na autoria do trabalho.<\/li><\/ol>\n","protected":false},"excerpt":{"rendered":"<p>SUBMISS\u00c3O DE TRABALHOS Observa\u00e7\u00f5es gerais: O primeiro passo para a submiss\u00e3o de propostas aos Grupos de Trabalho do SIALAT 2020 \u00e9 o envio de resumos. Uma vez que a proposta seja aprovada, haver\u00e1 um prazo para o envio do artigo&hellip; <\/p>\n","protected":false},"author":1,"featured_media":0,"parent":0,"menu_order":0,"comment_status":"closed","ping_status":"closed","template":"","meta":[],"_links":{"self":[{"href":"https:\/\/www.sialat2020.ufpa.br\/index.php\/wp-json\/wp\/v2\/pages\/161"}],"collection":[{"href":"https:\/\/www.sialat2020.ufpa.br\/index.php\/wp-json\/wp\/v2\/pages"}],"about":[{"href":"https:\/\/www.sialat2020.ufpa.br\/index.php\/wp-json\/wp\/v2\/types\/page"}],"author":[{"embeddable":true,"href":"https:\/\/www.sialat2020.ufpa.br\/index.php\/wp-json\/wp\/v2\/users\/1"}],"replies":[{"embeddable":true,"href":"https:\/\/www.sialat2020.ufpa.br\/index.php\/wp-json\/wp\/v2\/comments?post=161"}],"version-history":[{"count":1,"href":"https:\/\/www.sialat2020.ufpa.br\/index.php\/wp-json\/wp\/v2\/pages\/161\/revisions"}],"predecessor-version":[{"id":162,"href":"https:\/\/www.sialat2020.ufpa.br\/index.php\/wp-json\/wp\/v2\/pages\/161\/revisions\/162"}],"wp:attachment":[{"href":"https:\/\/www.sialat2020.ufpa.br\/index.php\/wp-json\/wp\/v2\/media?parent=161"}],"curies":[{"name":"wp","href":"https:\/\/api.w.org\/{rel}","templated":true}]}}