{"id":21,"date":"2021-08-10T12:05:22","date_gmt":"2021-08-10T12:05:22","guid":{"rendered":"https:\/\/sialat2020.ufpa.br\/?page_id=21"},"modified":"2021-08-10T14:43:08","modified_gmt":"2021-08-10T14:43:08","slug":"contato","status":"publish","type":"page","link":"https:\/\/www.sialat2020.ufpa.br\/index.php\/contato\/","title":{"rendered":"Contato"},"content":{"rendered":"\n<p>Entre em contato com a coordena\u00e7\u00e3o do evento atrav\u00e9s do e-mail: <strong>sialat2020@gmail.com<\/strong><\/p>\n","protected":false},"excerpt":{"rendered":"<p>Entre em contato com a coordena\u00e7\u00e3o do evento atrav\u00e9s do e-mail: sialat2020@gmail.com<\/p>\n","protected":false},"author":1,"featured_media":0,"parent":0,"menu_order":0,"comment_status":"closed","ping_status":"closed","template":"","meta":[],"_links":{"self":[{"href":"https:\/\/www.sialat2020.ufpa.br\/index.php\/wp-json\/wp\/v2\/pages\/21"}],"collection":[{"href":"https:\/\/www.sialat2020.ufpa.br\/index.php\/wp-json\/wp\/v2\/pages"}],"about":[{"href":"https:\/\/www.sialat2020.ufpa.br\/index.php\/wp-json\/wp\/v2\/types\/page"}],"author":[{"embeddable":true,"href":"https:\/\/www.sialat2020.ufpa.br\/index.php\/wp-json\/wp\/v2\/users\/1"}],"replies":[{"embeddable":true,"href":"https:\/\/www.sialat2020.ufpa.br\/index.php\/wp-json\/wp\/v2\/comments?post=21"}],"version-history":[{"count":2,"href":"https:\/\/www.sialat2020.ufpa.br\/index.php\/wp-json\/wp\/v2\/pages\/21\/revisions"}],"predecessor-version":[{"id":170,"href":"https:\/\/www.sialat2020.ufpa.br\/index.php\/wp-json\/wp\/v2\/pages\/21\/revisions\/170"}],"wp:attachment":[{"href":"https:\/\/www.sialat2020.ufpa.br\/index.php\/wp-json\/wp\/v2\/media?parent=21"}],"curies":[{"name":"wp","href":"https:\/\/api.w.org\/{rel}","templated":true}]}}