{"id":35,"date":"2021-08-10T12:14:41","date_gmt":"2021-08-10T12:14:41","guid":{"rendered":"https:\/\/sialat2020.ufpa.br\/?page_id=35"},"modified":"2021-08-10T12:47:13","modified_gmt":"2021-08-10T12:47:13","slug":"o-evento","status":"publish","type":"page","link":"https:\/\/www.sialat2020.ufpa.br\/index.php\/o-evento\/","title":{"rendered":"O Evento"},"content":{"rendered":"\n<p class=\"has-medium-font-size\"><strong>3\u00ba Semin\u00e1rio Internacional Am\u00e9rica Latina: Conflitos e Pol\u00edticas Contempor\u00e2neos<\/strong><\/p>\n\n\n\n<p><strong>Apresenta\u00e7\u00e3o<\/strong><\/p>\n\n\n\n<p>Este \u00e9 o <em><strong>3<\/strong><\/em><em><strong>\u00ba<\/strong><\/em><em><strong> Semin<\/strong><\/em><em><strong>\u00e1<\/strong><\/em><em><strong>rio Internacional Am<\/strong><\/em><em><strong>\u00e9<\/strong><\/em><em><strong>rica Latina: conflitos e pol<\/strong><\/em><em><strong>\u00ed<\/strong><\/em><em><strong>ticas contempor<\/strong><\/em><em><strong>\u00e2<\/strong><\/em><em><strong>neas<\/strong><\/em> \u2013 <strong>SIALAT 2020<\/strong> organizado pela Universidade Federal do Par\u00e1\/UFPA, atrav\u00e9s do N\u00facleo de Altos Estudos Amaz\u00f4nicos, em seu Programa de P\u00f3s-Gradua\u00e7\u00e3o em Desenvolvimento Sustent\u00e1vel do Tr\u00f3pico \u00damido, e do Programa de P\u00f3s-Gradua\u00e7\u00e3o em Sociologia e Antropologia do Instituto de Filosofia e Ci\u00eancias Humanas. Iniciativa do Grupo de Pesquisa Estado, Trabalho, Territ\u00f3rio e Mercados Globalizados\/GETTAM, este projeto ampliou-se e enriqueceu-se gra\u00e7as \u00e0s parcerias com centros e redes de pesquisa de v\u00e1rios pa\u00edses da Am\u00e9rica Latina.<\/p>\n\n\n\n<p>Quando iniciamos a organiza\u00e7\u00e3o do 3\u00ba SIALAT, em fevereiro de 2020, n\u00e3o imagin\u00e1vamos os impasses dolorosos que ter\u00edamos de enfrentar no bojo de uma crise sanit\u00e1ria aguda, devido a pandemia de Coronavirus que nos atingiria a todos, no planeta. Crise esta que teve desdobramentos terr\u00edveis na Am\u00e9rica Latina, mostrando a sua vulnerabilidade m\u00faltipla, desde os impasses \u00e0 democracia com governos autorit\u00e1rios e at\u00e9 de extrema direita, com pol\u00edticas negacionistas dos direitos e da ordem democr\u00e1tica, seja pela viol\u00eancia contra as diferen\u00e7as de classe, de g\u00eanero e de ra\u00e7a, seja pelos problemas relacionados \u00e0 pobreza, \u00e0 desigualdade e ao ambiente, em plena pandemia. In\u00fameros pa\u00edses, como Brasil, Peru e Col\u00f4mbia amargam as altas taxas de vidas perdidas para a Covid19, como <em>epicentro<\/em> da doen\u00e7a no mundo, e justamente escancaram as feridas abertas da vergonha da exclus\u00e3o social; e os problemas decorrentes da desigualdade social aguda, e que se perpetuam pelas estrat\u00e9gias impeditivas do acesso aos bens e servi\u00e7os, \u00e0 sa\u00fade, ao emprego e \u00e0 renda, seja nas cidades, no campo ou nas aldeias. Sinalizam que esses problemas s\u00e3o marcas da heran\u00e7a colonial e escravocrata do processo secular de espolia\u00e7\u00e3o da natureza e do trabalho, correntes nas sociedades latino-americanas.<\/p>\n\n\n\n<p>O objetivo do semin\u00e1rio foi de abrir um espa\u00e7o de debate sobre os processos pol\u00edticos e sociais, os conflitos e os desafios contempor\u00e2neos na Am\u00e9rica Latina, considerando as perspectivas cr\u00edticas que permitam resituar, continuamente, o campo epistemol\u00f3gico e as interpreta\u00e7\u00f5es sobre suas sociedades.<\/p>\n\n\n\n<p>Debate e a an\u00e1lise de situa\u00e7\u00f5es comuns que ocorrem em muitos pa\u00edses da Am\u00e9rica Latina, com base em resultados de pesquisas produzidas em universidades, em institutos de pesquisa, em programas de p\u00f3s-gradua\u00e7\u00e3o, mas tamb\u00e9m vindo do conhecimento pr\u00e1xiol\u00f3gico produzido no campo f\u00e9rtil da vida e das lutas empreendidas pelos movimentos de resist\u00eancia, por levantes de ativistas que t\u00eam contribu\u00eddo para renovar o campo conceitual e te\u00f3rico a partir de uma reflex\u00e3o pol\u00edtica sobre a vida. Espera-se, assim, aprofundar o debate cr\u00edtico sobre as pol\u00edticas, os conflitos sociais, o processo hist\u00f3rico de transforma\u00e7\u00e3o de territ\u00f3rios, e as lutas sociais no contexto de conjunturas de crise econ\u00f4mica, sanit\u00e1ria, de democracia e de direitos.<\/p>\n\n\n\n<p>Ressaltamos ainda o interesse em ampliar os interc\u00e2mbios de pesquisa e reflex\u00f5es nos estudos internacionais para imprensar o campo das humanidades sob outras epistemologias vindas das ra\u00edzes do conhecimento produzido na Am\u00e9rica Latina. Refletir sobre as lacuna no pensamento social latino-americano, tribut\u00e1rio ainda da ci\u00eancia produzida na Europa e nos Estados Unidos. Este esfor\u00e7o de pensar e produzir rupturas epistemol\u00f3gicas sob outros olhares \u00e9 um desafio e ao mesmo tempo uma possibilidade. Raz\u00e3o fundamental do tema central do SIALAT 2020\/21 ser <em><strong>Democracia, Natureza e Epistemologias para pensar o amanh\u00e3.<\/strong><\/em><\/p>\n\n\n\n<p><strong>Edna Castro<br>Coordenadora do Grupo de Pesquisa Estado, Trabalho, Territ\u00f3rio e Mercados Globalizados<br>GETTAM\/NAEA\/UFPA<\/strong><\/p>\n","protected":false},"excerpt":{"rendered":"<p>3\u00ba Semin\u00e1rio Internacional Am\u00e9rica Latina: Conflitos e Pol\u00edticas Contempor\u00e2neos Apresenta\u00e7\u00e3o Este \u00e9 o 3\u00ba Semin\u00e1rio Internacional Am\u00e9rica Latina: conflitos e pol\u00edticas contempor\u00e2neas \u2013 SIALAT 2020 organizado pela Universidade Federal do Par\u00e1\/UFPA, atrav\u00e9s do N\u00facleo de Altos Estudos Amaz\u00f4nicos, em seu&hellip; <\/p>\n","protected":false},"author":1,"featured_media":0,"parent":0,"menu_order":0,"comment_status":"closed","ping_status":"closed","template":"","meta":[],"_links":{"self":[{"href":"https:\/\/www.sialat2020.ufpa.br\/index.php\/wp-json\/wp\/v2\/pages\/35"}],"collection":[{"href":"https:\/\/www.sialat2020.ufpa.br\/index.php\/wp-json\/wp\/v2\/pages"}],"about":[{"href":"https:\/\/www.sialat2020.ufpa.br\/index.php\/wp-json\/wp\/v2\/types\/page"}],"author":[{"embeddable":true,"href":"https:\/\/www.sialat2020.ufpa.br\/index.php\/wp-json\/wp\/v2\/users\/1"}],"replies":[{"embeddable":true,"href":"https:\/\/www.sialat2020.ufpa.br\/index.php\/wp-json\/wp\/v2\/comments?post=35"}],"version-history":[{"count":2,"href":"https:\/\/www.sialat2020.ufpa.br\/index.php\/wp-json\/wp\/v2\/pages\/35\/revisions"}],"predecessor-version":[{"id":125,"href":"https:\/\/www.sialat2020.ufpa.br\/index.php\/wp-json\/wp\/v2\/pages\/35\/revisions\/125"}],"wp:attachment":[{"href":"https:\/\/www.sialat2020.ufpa.br\/index.php\/wp-json\/wp\/v2\/media?parent=35"}],"curies":[{"name":"wp","href":"https:\/\/api.w.org\/{rel}","templated":true}]}}